{"id":51977,"date":"2026-01-28T04:41:02","date_gmt":"2026-01-28T02:41:02","guid":{"rendered":"https:\/\/www.buschpolska.com\/?page_id=51977"},"modified":"2026-02-01T23:42:51","modified_gmt":"2026-02-01T22:42:51","slug":"%d0%ba%d0%be%d0%bd%d1%82%d0%b0%d0%ba%d1%82%d0%bd%d1%8b%d0%b5-%d0%bb%d0%b8%d1%86%d0%b0","status":"publish","type":"page","link":"https:\/\/www.buschpolska.com\/ru\/%d0%ba%d0%be%d0%bd%d1%82%d0%b0%d0%ba%d1%82%d0%bd%d1%8b%d0%b5-%d0%bb%d0%b8%d1%86%d0%b0\/","title":{"rendered":"\u041a\u043e\u043d\u0442\u0430\u043a\u0442\u043d\u044b\u0435 \u043b\u0438\u0446\u0430"},"content":{"rendered":"<div data-elementor-type=\"wp-page\" data-elementor-id=\"51977\" class=\"elementor elementor-51977\" data-elementor-post-type=\"page\">\n\t\t\t\t<div class=\"elementor-element elementor-element-6806944 e-con-full e-flex e-con e-parent\" data-id=\"6806944\" data-element_type=\"container\" data-settings=\"{&quot;background_background&quot;:&quot;classic&quot;,&quot;animation&quot;:&quot;none&quot;}\">\n\t\t<div class=\"elementor-element elementor-element-4cb1c54 e-con-full e-flex e-con e-child\" data-id=\"4cb1c54\" data-element_type=\"container\">\n\t\t<div class=\"elementor-element elementor-element-4650eec e-con-full e-flex e-con e-child\" data-id=\"4650eec\" data-element_type=\"container\" data-settings=\"{&quot;background_background&quot;:&quot;classic&quot;,&quot;animation&quot;:&quot;none&quot;,&quot;shape_divider_bottom&quot;:&quot;arrow&quot;}\">\n\t\t\t\t<div class=\"elementor-shape elementor-shape-bottom\" aria-hidden=\"true\" data-negative=\"false\">\n\t\t\t<svg xmlns=\"http:\/\/www.w3.org\/2000\/svg\" viewbox=\"0 0 700 10\" preserveaspectratio=\"none\">\n\t<path class=\"elementor-shape-fill\" d=\"M350,10L340,0h20L350,10z\"\/>\n<\/svg>\t\t<\/div>\n\t\t<div class=\"elementor-element elementor-element-1e9cfa2 e-flex e-con-boxed e-con e-child\" data-id=\"1e9cfa2\" data-element_type=\"container\">\n\t\t\t\t\t<div class=\"e-con-inner\">\n\t\t<div class=\"elementor-element elementor-element-8eb33da e-con-full breadcrumbs-list-page e-flex e-con e-child\" data-id=\"8eb33da\" data-element_type=\"container\">\n\t\t\t\t<div class=\"elementor-element elementor-element-6cc855f elementor-widget elementor-widget-shortcode\" data-id=\"6cc855f\" data-element_type=\"widget\" data-widget_type=\"shortcode.default\">\n\t\t\t\t\t\t\t<div class=\"elementor-shortcode\"><nav aria-label=\"\u043f\u0430\u043d\u0438\u0440\u043e\u0432\u043e\u0447\u043d\u044b\u0435 \u0441\u0443\u0445\u0430\u0440\u0438\" class=\"rank-math-breadcrumb\"><p><span class=\"last\">\u0414\u043e\u043c\u0430\u0448\u043d\u044f\u044f \u0441\u0442\u0440\u0430\u043d\u0438\u0446\u0430<\/span><\/p><\/nav><\/div>\n\t\t\t\t\t\t<\/div>\n\t\t\t\t<\/div>\n\t\t\t\t<div class=\"elementor-element elementor-element-c12a504 heading-title-2 elementor-widget elementor-widget-heading\" data-id=\"c12a504\" data-element_type=\"widget\" data-widget_type=\"heading.default\">\n\t\t\t\t\t<h1 class=\"elementor-heading-title elementor-size-default\">\u041a\u043e\u043d\u0442\u0430\u043a\u0442\u043d\u044b\u0435 \u043b\u0438\u0446\u0430<\/h1>\t\t\t\t<\/div>\n\t\t\t\t<div class=\"elementor-element elementor-element-6908958 elementor-widget elementor-widget-ucaddon_animated_mouse_scroll_icon\" data-id=\"6908958\" data-element_type=\"widget\" data-widget_type=\"ucaddon_animated_mouse_scroll_icon.default\">\n\t\t\t\t<div class=\"elementor-widget-container\">\n\t\t\t\t\t\n<!-- start Animated Mouse Scroll Icon -->\n<style>\/* widget: Animated Mouse Scroll Icon *\/\n\n.mousey {\n  border-style:solid;\n  box-sizing: border-box;\n  display:inline-block;\n  text-align:center;\n}\n.scroller {\n  border-radius: 50px;\n  animation-name: scroll;\n  animation-duration: 2.2s;\n  animation-timing-function: cubic-bezier(.15,.41,.69,.94);\n  animation-iteration-count: infinite;\n  display:inline-block;\n}\n@keyframes scroll {\n  0% { opacity: 0; }\n  10% { transform: translateY(0); opacity: 1; }\n  100% { transform: translateY(15px); opacity: 0;}\n}\n\n<\/style>\n\n<div class=\"scroll-downs\" style=\"text-align:center;\">\n  <a href=\"#start\"  aria-label=\"\u041f\u0440\u043e\u043a\u0440\u0443\u0442\u043a\u0430 \u0432\u043d\u0438\u0437\" role=\"button\">\t\n  <div class=\"mousey\" aria-hidden=\"true\">\n    <div class=\"scroller\"><\/div>\n  <\/div>\n  <\/a>\t\n<\/div>\n<!-- end Animated Mouse Scroll Icon -->\t\t\t\t<\/div>\n\t\t\t\t<\/div>\n\t\t\t\t<div class=\"elementor-element elementor-element-7c413da elementor-widget-divider--view-line elementor-widget elementor-widget-divider\" data-id=\"7c413da\" data-element_type=\"widget\" data-widget_type=\"divider.default\">\n\t\t\t\t\t\t\t<div class=\"elementor-divider\">\n\t\t\t<span class=\"elementor-divider-separator\">\n\t\t\t\t\t\t<\/span>\n\t\t<\/div>\n\t\t\t\t\t\t<\/div>\n\t\t\t\t\t<\/div>\n\t\t\t\t<\/div>\n\t\t\t\t<\/div>\n\t\t\t\t<\/div>\n\t\t<div class=\"elementor-element elementor-element-9566490 e-flex e-con-boxed e-con e-child\" data-id=\"9566490\" data-element_type=\"container\" id=\"start\">\n\t\t\t\t\t<div class=\"e-con-inner\">\n\t\t<div class=\"elementor-element elementor-element-c5e45f8 e-con-full e-flex e-con e-child\" data-id=\"c5e45f8\" data-element_type=\"container\">\n\t\t<div class=\"elementor-element elementor-element-aaff859 e-con-full e-flex e-con e-child\" data-id=\"aaff859\" data-element_type=\"container\" data-settings=\"{&quot;background_background&quot;:&quot;classic&quot;}\">\n\t\t\t\t<div class=\"elementor-element elementor-element-a6df619 heading-title-2 elementor-widget elementor-widget-heading\" data-id=\"a6df619\" data-element_type=\"widget\" data-settings=\"{&quot;_animation&quot;:&quot;none&quot;}\" data-widget_type=\"heading.default\">\n\t\t\t\t\t<h2 class=\"elementor-heading-title elementor-size-default\">\u0417\u0430\u043f\u0440\u043e\u0441\u044b \/ \u0417\u0430\u043a\u0443\u043f\u043a\u0438 \/ \u041b\u043e\u0433\u0438\u0441\u0442\u0438\u043a\u0430 <\/h2>\t\t\t\t<\/div>\n\t\t\t\t<div class=\"elementor-element elementor-element-e2abc9d elementor-widget elementor-widget-text-editor\" data-id=\"e2abc9d\" data-element_type=\"widget\" data-widget_type=\"text-editor.default\">\n\t\t\t\t\t\t\t\t\t<p><strong>\u041e\u0442\u0434\u0435\u043b \u0437\u0430\u043f\u0440\u043e\u0441\u043e\u0432<\/strong><br \/>\u041e\u0444\u0438\u0441: +48 12 419 02 00<br \/><a href=\"mailto:info@buschpolska.com\">info@buschpolska.com<\/a><\/p><p><strong>\u041e\u0442\u0434\u0435\u043b \u0437\u0430\u043a\u0443\u043f\u043e\u043a\u00a0<\/strong><br \/>\u041e\u0444\u0438\u0441: +48 12 419 02 00<br \/><a href=\"mailto:info@buschpolska.com\">info@buschpolska.com<\/a><\/p>\t\t\t\t\t\t\t\t<\/div>\n\t\t\t\t<div class=\"elementor-element elementor-element-c02caf6 heading-title-2 elementor-widget elementor-widget-heading\" data-id=\"c02caf6\" data-element_type=\"widget\" data-settings=\"{&quot;_animation&quot;:&quot;none&quot;}\" data-widget_type=\"heading.default\">\n\t\t\t\t\t<h2 class=\"elementor-heading-title elementor-size-default\">\u0423\u043f\u0440\u0430\u0432\u043b\u0435\u043d\u0438\u0435\n<\/h2>\t\t\t\t<\/div>\n\t\t\t\t<div class=\"elementor-element elementor-element-d8b19f1 elementor-widget elementor-widget-text-editor\" data-id=\"d8b19f1\" data-element_type=\"widget\" data-widget_type=\"text-editor.default\">\n\t\t\t\t\t\t\t\t\t<p><strong>\u0428\u0438\u043c\u043e\u043d \u041a\u043e\u0432\u0430\u043b\u044c\u0441\u043a\u0438<\/strong><br \/><em>\u0413\u0415\u041d\u0415\u0420\u0410\u041b\u042c\u041d\u042b\u0419 \u0414\u0418\u0420\u0415\u041a\u0422\u041e\u0420<\/em><\/p><p class=\"bodytext\">\u041e\u0444\u0438\u0441: +48 12 419 02 00<br \/><a href=\"mailto:s.kowalski@buschpolska.com\">s.kowalski@buschpolska.com<\/a><\/p>\t\t\t\t\t\t\t\t<\/div>\n\t\t\t\t<\/div>\n\t\t<div class=\"elementor-element elementor-element-314f188 e-con-full e-flex e-con e-child\" data-id=\"314f188\" data-element_type=\"container\" data-settings=\"{&quot;background_background&quot;:&quot;classic&quot;}\">\n\t\t\t\t<div class=\"elementor-element elementor-element-6a7db79 heading-title-2 elementor-widget elementor-widget-heading\" data-id=\"6a7db79\" data-element_type=\"widget\" data-settings=\"{&quot;_animation&quot;:&quot;none&quot;}\" data-widget_type=\"heading.default\">\n\t\t\t\t\t<h2 class=\"elementor-heading-title elementor-size-default\">\u0422\u0435\u0445\u043d\u0438\u0447\u0435\u0441\u043a\u0430\u044f \u0438 \u043a\u043e\u043c\u043c\u0435\u0440\u0447\u0435\u0441\u043a\u0430\u044f \u043f\u043e\u0434\u0434\u0435\u0440\u0436\u043a\u0430<\/h2>\t\t\t\t<\/div>\n\t\t<div class=\"elementor-element elementor-element-0b29992 e-con-full e-flex e-con e-child\" data-id=\"0b29992\" data-element_type=\"container\">\n\t\t<div class=\"elementor-element elementor-element-d3f7f6c e-con-full e-flex e-con e-child\" data-id=\"d3f7f6c\" data-element_type=\"container\">\n\t\t\t\t<div class=\"elementor-element elementor-element-e99e310 elementor-widget elementor-widget-image\" data-id=\"e99e310\" data-element_type=\"widget\" data-widget_type=\"image.default\">\n\t\t\t\t\t\t\t\t\t\t\t\t\t\t\t<img decoding=\"async\" width=\"158\" height=\"200\" src=\"https:\/\/www.buschpolska.com\/wp-content\/uploads\/2026\/02\/csm_zdj_1641d68eaf.jpg\" class=\"attachment-large size-large wp-image-53976\" alt=\"\" srcset=\"https:\/\/www.buschpolska.com\/wp-content\/uploads\/2026\/02\/csm_zdj_1641d68eaf.jpg 158w, https:\/\/www.buschpolska.com\/wp-content\/uploads\/2026\/02\/csm_zdj_1641d68eaf-9x12.jpg 9w\" sizes=\"(max-width: 158px) 100vw, 158px\" \/>\t\t\t\t\t\t\t\t\t\t\t\t\t\t\t<\/div>\n\t\t\t\t<div class=\"elementor-element elementor-element-d0cfc97 elementor-widget elementor-widget-text-editor\" data-id=\"d0cfc97\" data-element_type=\"widget\" data-widget_type=\"text-editor.default\">\n\t\t\t\t\t\t\t\t\t<p><strong>\u041f\u0430\u0432\u0435\u043b \u0412\u0435\u043d\u0433\u0436\u0438\u043d<\/strong><br \/><em>\u041c\u0435\u043d\u0435\u0434\u0436\u0435\u0440 \u043f\u043e \u0440\u0430\u0431\u043e\u0442\u0435 \u0441 \u043a\u043b\u044e\u0447\u0435\u0432\u044b\u043c\u0438 \u043a\u043b\u0438\u0435\u043d\u0442\u0430\u043c\u0438<\/em><\/p><p>\u041c\u043e\u0431\u0438\u043b\u044c\u043d\u044b\u0439 \u0442\u0435\u043b\u0435\u0444\u043e\u043d: +48 505 343 605\u00a0<br \/>\u041e\u0444\u0438\u0441: +48 12 419 02 00<br \/><a href=\"mailto:p.wegrzyn@buschpolska.com\">p.wegrzyn@buschpolska.com<\/a><\/p>\t\t\t\t\t\t\t\t<\/div>\n\t\t\t\t<\/div>\n\t\t<div class=\"elementor-element elementor-element-20e8cbc e-con-full e-flex e-con e-child\" data-id=\"20e8cbc\" data-element_type=\"container\">\n\t\t\t\t<div class=\"elementor-element elementor-element-eb671d6 elementor-widget elementor-widget-image\" data-id=\"eb671d6\" data-element_type=\"widget\" data-widget_type=\"image.default\">\n\t\t\t\t\t\t\t\t\t\t\t\t\t\t\t<img fetchpriority=\"high\" decoding=\"async\" width=\"249\" height=\"250\" src=\"https:\/\/www.buschpolska.com\/wp-content\/uploads\/2026\/02\/csm_IMG-20230212-WA0005_6ebec8d9a7.jpg\" class=\"attachment-large size-large wp-image-53975\" alt=\"\" srcset=\"https:\/\/www.buschpolska.com\/wp-content\/uploads\/2026\/02\/csm_IMG-20230212-WA0005_6ebec8d9a7.jpg 249w, https:\/\/www.buschpolska.com\/wp-content\/uploads\/2026\/02\/csm_IMG-20230212-WA0005_6ebec8d9a7-150x150.jpg 150w, https:\/\/www.buschpolska.com\/wp-content\/uploads\/2026\/02\/csm_IMG-20230212-WA0005_6ebec8d9a7-12x12.jpg 12w\" sizes=\"(max-width: 249px) 100vw, 249px\" \/>\t\t\t\t\t\t\t\t\t\t\t\t\t\t\t<\/div>\n\t\t\t\t<div class=\"elementor-element elementor-element-0eda598 elementor-widget elementor-widget-text-editor\" data-id=\"0eda598\" data-element_type=\"widget\" data-widget_type=\"text-editor.default\">\n\t\t\t\t\t\t\t\t\t<p><strong>\u041f\u0448\u0435\u043c\u044b\u0441\u043b\u0430\u0432 \u0414\u043e\u043c\u0431\u0440\u043e\u0432\u0441\u043a\u0438\u0439\u00a0<\/strong><br \/><em>\u041c\u0435\u043d\u0435\u0434\u0436\u0435\u0440 \u043f\u043e \u0440\u0430\u0431\u043e\u0442\u0435 \u0441 \u043a\u043b\u044e\u0447\u0435\u0432\u044b\u043c\u0438 \u043a\u043b\u0438\u0435\u043d\u0442\u0430\u043c\u0438<\/em><br \/><br \/>\u041c\u043e\u0431\u0438\u043b\u044c\u043d\u044b\u0439 \u0442\u0435\u043b\u0435\u0444\u043e\u043d: +48 509 180 999<br \/>\u041e\u0444\u0438\u0441: +48 12 419 02 00<br \/><a href=\"mailto:p.dabrowski@buschpolska.com\">p.dabrowski@buschpolska.com<\/a><\/p>\t\t\t\t\t\t\t\t<\/div>\n\t\t\t\t<\/div>\n\t\t\t\t<\/div>\n\t\t\t\t<\/div>\n\t\t\t\t<\/div>\n\t\t\t\t\t<\/div>\n\t\t\t\t<\/div>\n\t\t\t\t<\/div>\n\t\t\t\t<\/div>","protected":false},"excerpt":{"rendered":"<p>Zapytania ofertowe \/ Zam\u00f3wienia \/ Logistyka Dzia\u0142 zapyta\u0144 ofertowychBiuro: +48 12 419 02 00info@buschpolska.com Dzia\u0142 zam\u00f3wie\u0144\u00a0Biuro: +48 12 419 02 00info@buschpolska.com Zarz\u0105d Szymon KowalskiPrezes zarz\u0105du Biuro: +48 12 419 02 00s.kowalski@buschpolska.com Wsparcie techniczno &#8211; handlowe Pawe\u0142 W\u0119grzynKey Account Manager Mobile:\u00a0+48 505 343 605\u00a0Biuro: +48 12 419 02 00p.wegrzyn@buschpolska.com Przemys\u0142aw D\u0105browski\u00a0Key Account Manager Mobile: +48 509 [&hellip;]<\/p>","protected":false},"author":1,"featured_media":0,"parent":0,"menu_order":0,"comment_status":"closed","ping_status":"closed","template":"","meta":{"_acf_changed":false,"footnotes":""},"class_list":["post-51977","page","type-page","status-publish","hentry"],"acf":[],"_links":{"self":[{"href":"https:\/\/www.buschpolska.com\/ru\/wp-json\/wp\/v2\/pages\/51977","targetHints":{"allow":["GET"]}}],"collection":[{"href":"https:\/\/www.buschpolska.com\/ru\/wp-json\/wp\/v2\/pages"}],"about":[{"href":"https:\/\/www.buschpolska.com\/ru\/wp-json\/wp\/v2\/types\/page"}],"author":[{"embeddable":true,"href":"https:\/\/www.buschpolska.com\/ru\/wp-json\/wp\/v2\/users\/1"}],"replies":[{"embeddable":true,"href":"https:\/\/www.buschpolska.com\/ru\/wp-json\/wp\/v2\/comments?post=51977"}],"version-history":[{"count":0,"href":"https:\/\/www.buschpolska.com\/ru\/wp-json\/wp\/v2\/pages\/51977\/revisions"}],"wp:attachment":[{"href":"https:\/\/www.buschpolska.com\/ru\/wp-json\/wp\/v2\/media?parent=51977"}],"curies":[{"name":"wp","href":"https:\/\/api.w.org\/{rel}","templated":true}]}}