{"id":51980,"date":"2026-01-28T04:41:31","date_gmt":"2026-01-28T02:41:31","guid":{"rendered":"https:\/\/www.buschpolska.com\/?page_id=51980"},"modified":"2026-01-30T08:08:39","modified_gmt":"2026-01-30T06:08:39","slug":"faq","status":"publish","type":"page","link":"https:\/\/www.buschpolska.com\/ru\/faq\/","title":{"rendered":"\u0427\u0410\u0421\u0422\u041e \u0417\u0410\u0414\u0410\u0412\u0410\u0415\u041c\u042b\u0415 \u0412\u041e\u041f\u0420\u041e\u0421\u042b"},"content":{"rendered":"<div data-elementor-type=\"wp-page\" data-elementor-id=\"51980\" class=\"elementor elementor-51980\" data-elementor-post-type=\"page\">\n\t\t\t\t<div class=\"elementor-element elementor-element-fb28beb e-con-full e-flex e-con e-parent\" data-id=\"fb28beb\" data-element_type=\"container\" data-settings=\"{&quot;background_background&quot;:&quot;classic&quot;,&quot;animation&quot;:&quot;none&quot;}\">\n\t\t<div class=\"elementor-element elementor-element-8c48052 e-con-full e-flex e-con e-child\" data-id=\"8c48052\" data-element_type=\"container\">\n\t\t<div class=\"elementor-element elementor-element-e342232 e-con-full e-flex e-con e-child\" data-id=\"e342232\" data-element_type=\"container\" data-settings=\"{&quot;background_background&quot;:&quot;classic&quot;,&quot;animation&quot;:&quot;none&quot;,&quot;shape_divider_bottom&quot;:&quot;arrow&quot;}\">\n\t\t\t\t<div class=\"elementor-shape elementor-shape-bottom\" aria-hidden=\"true\" data-negative=\"false\">\n\t\t\t<svg xmlns=\"http:\/\/www.w3.org\/2000\/svg\" viewbox=\"0 0 700 10\" preserveaspectratio=\"none\">\n\t<path class=\"elementor-shape-fill\" d=\"M350,10L340,0h20L350,10z\"\/>\n<\/svg>\t\t<\/div>\n\t\t<div class=\"elementor-element elementor-element-888c0bc e-flex e-con-boxed e-con e-child\" data-id=\"888c0bc\" data-element_type=\"container\">\n\t\t\t\t\t<div class=\"e-con-inner\">\n\t\t<div class=\"elementor-element elementor-element-a666ad9 e-con-full breadcrumbs-list-page e-flex e-con e-child\" data-id=\"a666ad9\" data-element_type=\"container\">\n\t\t\t\t<div class=\"elementor-element elementor-element-013a8c5 elementor-widget elementor-widget-shortcode\" data-id=\"013a8c5\" data-element_type=\"widget\" data-widget_type=\"shortcode.default\">\n\t\t\t\t\t\t\t<div class=\"elementor-shortcode\"><nav aria-label=\"\u043f\u0430\u043d\u0438\u0440\u043e\u0432\u043e\u0447\u043d\u044b\u0435 \u0441\u0443\u0445\u0430\u0440\u0438\" class=\"rank-math-breadcrumb\"><p><span class=\"last\">\u0414\u043e\u043c\u0430\u0448\u043d\u044f\u044f \u0441\u0442\u0440\u0430\u043d\u0438\u0446\u0430<\/span><\/p><\/nav><\/div>\n\t\t\t\t\t\t<\/div>\n\t\t\t\t<\/div>\n\t\t\t\t<div class=\"elementor-element elementor-element-f03074a heading-title-2 elementor-widget elementor-widget-heading\" data-id=\"f03074a\" data-element_type=\"widget\" data-widget_type=\"heading.default\">\n\t\t\t\t\t<h1 class=\"elementor-heading-title elementor-size-default\">FAQ - \u0447\u0430\u0441\u0442\u043e \u0437\u0430\u0434\u0430\u0432\u0430\u0435\u043c\u044b\u0435 \u0432\u043e\u043f\u0440\u043e\u0441\u044b<\/h1>\t\t\t\t<\/div>\n\t\t\t\t<div class=\"elementor-element elementor-element-50c5a74 elementor-widget elementor-widget-ucaddon_animated_mouse_scroll_icon\" data-id=\"50c5a74\" data-element_type=\"widget\" data-widget_type=\"ucaddon_animated_mouse_scroll_icon.default\">\n\t\t\t\t<div class=\"elementor-widget-container\">\n\t\t\t\t\t\n<!-- start Animated Mouse Scroll Icon -->\n<style>\/* widget: Animated Mouse Scroll Icon *\/\n\n.mousey {\n  border-style:solid;\n  box-sizing: border-box;\n  display:inline-block;\n  text-align:center;\n}\n.scroller {\n  border-radius: 50px;\n  animation-name: scroll;\n  animation-duration: 2.2s;\n  animation-timing-function: cubic-bezier(.15,.41,.69,.94);\n  animation-iteration-count: infinite;\n  display:inline-block;\n}\n@keyframes scroll {\n  0% { opacity: 0; }\n  10% { transform: translateY(0); opacity: 1; }\n  100% { transform: translateY(15px); opacity: 0;}\n}\n\n<\/style>\n\n<div class=\"scroll-downs\" style=\"text-align:center;\">\n  <a href=\"#start\"  aria-label=\"\u041f\u0440\u043e\u043a\u0440\u0443\u0442\u043a\u0430 \u0432\u043d\u0438\u0437\" role=\"button\">\t\n  <div class=\"mousey\" aria-hidden=\"true\">\n    <div class=\"scroller\"><\/div>\n  <\/div>\n  <\/a>\t\n<\/div>\n<!-- end Animated Mouse Scroll Icon -->\t\t\t\t<\/div>\n\t\t\t\t<\/div>\n\t\t\t\t<div class=\"elementor-element elementor-element-8430364 elementor-widget-divider--view-line elementor-widget elementor-widget-divider\" data-id=\"8430364\" data-element_type=\"widget\" data-widget_type=\"divider.default\">\n\t\t\t\t\t\t\t<div class=\"elementor-divider\">\n\t\t\t<span class=\"elementor-divider-separator\">\n\t\t\t\t\t\t<\/span>\n\t\t<\/div>\n\t\t\t\t\t\t<\/div>\n\t\t\t\t\t<\/div>\n\t\t\t\t<\/div>\n\t\t\t\t<\/div>\n\t\t\t\t<\/div>\n\t\t<div class=\"elementor-element elementor-element-44c4fb2 e-flex e-con-boxed e-con e-child\" data-id=\"44c4fb2\" data-element_type=\"container\" id=\"start\">\n\t\t\t\t\t<div class=\"e-con-inner\">\n\t\t<div class=\"elementor-element elementor-element-31aaa64 e-con-full e-flex e-con e-child\" data-id=\"31aaa64\" data-element_type=\"container\">\n\t\t<div class=\"elementor-element elementor-element-9f96a16 e-con-full e-flex e-con e-child\" data-id=\"9f96a16\" data-element_type=\"container\" data-settings=\"{&quot;background_background&quot;:&quot;classic&quot;}\">\n\t\t\t\t<div class=\"elementor-element elementor-element-50afaf9 elementor-widget elementor-widget-n-accordion\" data-id=\"50afaf9\" data-element_type=\"widget\" data-settings=\"{&quot;default_state&quot;:&quot;expanded&quot;,&quot;max_items_expended&quot;:&quot;one&quot;,&quot;n_accordion_animation_duration&quot;:{&quot;unit&quot;:&quot;ms&quot;,&quot;size&quot;:400,&quot;sizes&quot;:[]}}\" data-widget_type=\"nested-accordion.default\">\n\t\t\t\t\t\t\t<div class=\"e-n-accordion\" aria-label=\"\u0410\u043a\u043a\u043e\u0440\u0434\u0435\u043e\u043d. \u041e\u0442\u043a\u0440\u044b\u0432\u0430\u0439\u0442\u0435 \u0441\u0441\u044b\u043b\u043a\u0438 \u0441 \u043f\u043e\u043c\u043e\u0449\u044c\u044e Enter \u0438\u043b\u0438 Space, \u0437\u0430\u043a\u0440\u044b\u0432\u0430\u0439\u0442\u0435 \u0441 \u043f\u043e\u043c\u043e\u0449\u044c\u044e Escape, \u0430 \u043f\u0435\u0440\u0435\u043c\u0435\u0449\u0430\u0439\u0442\u0435\u0441\u044c \u0441 \u043f\u043e\u043c\u043e\u0449\u044c\u044e \u043a\u043b\u0430\u0432\u0438\u0448 \u0441\u043e \u0441\u0442\u0440\u0435\u043b\u043a\u0430\u043c\u0438.\">\n\t\t\t\t\t\t<details id=\"e-n-accordion-item-8460\" class=\"e-n-accordion-item\" open>\n\t\t\t\t<summary class=\"e-n-accordion-item-title\" data-accordion-index=\"1\" tabindex=\"0\" aria-expanded=\"true\" aria-controls=\"e-n-accordion-item-8460\" >\n\t\t\t\t\t<span class='e-n-accordion-item-title-header'><h2 class=\"e-n-accordion-item-title-text\"> 1. \u041a\u0430\u043a \u0440\u0430\u0437\u043c\u0435\u0441\u0442\u0438\u0442\u044c \u0437\u0430\u043a\u0430\u0437? <\/h2><\/span>\n\t\t\t\t\t\t\t<span class='e-n-accordion-item-title-icon'>\n\t\t\t<span class='e-opened' ><svg aria-hidden=\"true\" class=\"e-font-icon-svg e-fas-minus\" viewbox=\"0 0 448 512\" xmlns=\"http:\/\/www.w3.org\/2000\/svg\"><path d=\"M416 208H32c-17.67 0-32 14.33-32 32v32c0 17.67 14.33 32 32 32h384c17.67 0 32-14.33 32-32v-32c0-17.67-14.33-32-32-32z\"><\/path><\/svg><\/span>\n\t\t\t<span class='e-closed'><svg aria-hidden=\"true\" class=\"e-font-icon-svg e-fas-plus\" viewbox=\"0 0 448 512\" xmlns=\"http:\/\/www.w3.org\/2000\/svg\"><path d=\"M416 208H272V64c0-17.67-14.33-32-32-32h-32c-17.67 0-32 14.33-32 32v144H32c-17.67 0-32 14.33-32 32v32c0 17.67 14.33 32 32 32h144v144c0 17.67 14.33 32 32 32h32c17.67 0 32-14.33 32-32V304h144c17.67 0 32-14.33 32-32v-32c0-17.67-14.33-32-32-32z\"><\/path><\/svg><\/span>\n\t\t<\/span>\n\n\t\t\t\t\t\t<\/summary>\n\t\t\t\t<div role=\"region\" aria-labelledby=\"e-n-accordion-item-8460\" class=\"elementor-element elementor-element-5c1eea0 e-con-full e-flex e-con e-child\" data-id=\"5c1eea0\" data-element_type=\"container\">\n\t\t\t\t<div class=\"elementor-element elementor-element-f02621f elementor-widget elementor-widget-text-editor\" data-id=\"f02621f\" data-element_type=\"widget\" data-widget_type=\"text-editor.default\">\n\t\t\t\t\t\t\t\t\t<p class=\"p1\">\u0417\u0430\u043a\u0430\u0437 \u0434\u043e\u043b\u0436\u0435\u043d \u0431\u044b\u0442\u044c \u0441\u0434\u0435\u043b\u0430\u043d \u043f\u043e \u044d\u043b\u0435\u043a\u0442\u0440\u043e\u043d\u043d\u043e\u0439 \u043f\u043e\u0447\u0442\u0435 \u043f\u043e \u0430\u0434\u0440\u0435\u0441\u0443\u00a0<a>info(at)buschpolska.com<\/a>\u00a0\u0438\u043b\u0438 \u043f\u043e \u0444\u0430\u043a\u0441\u0443 \u043d\u0430 <a href=\"tel:+48124190206\">+48 12 419 02 06\u00a0<\/a><\/p>\t\t\t\t\t\t\t\t<\/div>\n\t\t\t\t<\/div>\n\t\t\t\t\t<\/details>\n\t\t\t\t\t\t<details id=\"e-n-accordion-item-8461\" class=\"e-n-accordion-item\" >\n\t\t\t\t<summary class=\"e-n-accordion-item-title\" data-accordion-index=\"2\" tabindex=\"-1\" aria-expanded=\"false\" aria-controls=\"e-n-accordion-item-8461\" >\n\t\t\t\t\t<span class='e-n-accordion-item-title-header'><h2 class=\"e-n-accordion-item-title-text\"> 2. \u041a\u0430\u043a\u0430\u044f \u0438\u043d\u0444\u043e\u0440\u043c\u0430\u0446\u0438\u044f \u0434\u043e\u043b\u0436\u043d\u0430 \u0441\u043e\u0434\u0435\u0440\u0436\u0430\u0442\u044c\u0441\u044f \u0432 \u043f\u0440\u0438\u043a\u0430\u0437\u0435? <\/h2><\/span>\n\t\t\t\t\t\t\t<span class='e-n-accordion-item-title-icon'>\n\t\t\t<span class='e-opened' ><svg aria-hidden=\"true\" class=\"e-font-icon-svg e-fas-minus\" viewbox=\"0 0 448 512\" xmlns=\"http:\/\/www.w3.org\/2000\/svg\"><path d=\"M416 208H32c-17.67 0-32 14.33-32 32v32c0 17.67 14.33 32 32 32h384c17.67 0 32-14.33 32-32v-32c0-17.67-14.33-32-32-32z\"><\/path><\/svg><\/span>\n\t\t\t<span class='e-closed'><svg aria-hidden=\"true\" class=\"e-font-icon-svg e-fas-plus\" viewbox=\"0 0 448 512\" xmlns=\"http:\/\/www.w3.org\/2000\/svg\"><path d=\"M416 208H272V64c0-17.67-14.33-32-32-32h-32c-17.67 0-32 14.33-32 32v144H32c-17.67 0-32 14.33-32 32v32c0 17.67 14.33 32 32 32h144v144c0 17.67 14.33 32 32 32h32c17.67 0 32-14.33 32-32V304h144c17.67 0 32-14.33 32-32v-32c0-17.67-14.33-32-32-32z\"><\/path><\/svg><\/span>\n\t\t<\/span>\n\n\t\t\t\t\t\t<\/summary>\n\t\t\t\t<div role=\"region\" aria-labelledby=\"e-n-accordion-item-8461\" class=\"elementor-element elementor-element-a97f0bf e-con-full e-flex e-con e-child\" data-id=\"a97f0bf\" data-element_type=\"container\">\n\t\t\t\t<div class=\"elementor-element elementor-element-194a5ec elementor-widget elementor-widget-text-editor\" data-id=\"194a5ec\" data-element_type=\"widget\" data-widget_type=\"text-editor.default\">\n\t\t\t\t\t\t\t\t\t<p>\u0417\u0430\u043a\u0430\u0437 \u0434\u043e\u043b\u0436\u0435\u043d \u0441\u043e\u0434\u0435\u0440\u0436\u0430\u0442\u044c \u0441\u043b\u0435\u0434\u0443\u044e\u0449\u0443\u044e \u0438\u043d\u0444\u043e\u0440\u043c\u0430\u0446\u0438\u044e:<\/p><p><strong>\u0414\u0430\u043d\u043d\u044b\u0435 \u0437\u0430\u043a\u0430\u0437\u0447\u0438\u043a\u0430<\/strong><\/p><ul><li>\u041f\u043e\u0434\u0440\u043e\u0431\u043d\u0430\u044f \u0438\u043d\u0444\u043e\u0440\u043c\u0430\u0446\u0438\u044f \u043e \u0437\u0430\u043a\u0430\u0437\u0447\u0438\u043a\u0435 (\u043d\u0430\u0437\u0432\u0430\u043d\u0438\u0435 \u043a\u043e\u043c\u043f\u0430\u043d\u0438\u0438, \u0430\u0434\u0440\u0435\u0441, \u043d\u043e\u043c\u0435\u0440 \u041d\u0414\u0421)<\/li><li>\u0414\u0430\u043d\u043d\u044b\u0435 \u043b\u0438\u0446\u0430, \u0434\u0435\u043b\u0430\u044e\u0449\u0435\u0433\u043e \u0437\u0430\u043a\u0430\u0437 (\u0438\u043c\u044f, \u0442\u0435\u043b\u0435\u0444\u043e\u043d)\u00a0<\/li><li>\u041d\u043e\u043c\u0435\u0440 \u0437\u0430\u043a\u0430\u0437\u0430<\/li><\/ul><p><strong>\u0410\u0434\u0440\u0435\u0441 \u0434\u043e\u0441\u0442\u0430\u0432\u043a\u0438<\/strong><\/p><ul><li>\u0422\u043e\u0447\u043d\u044b\u0439 \u0430\u0434\u0440\u0435\u0441 \u0434\u043e\u0441\u0442\u0430\u0432\u043a\u0438 (\u043d\u0430\u0437\u0432\u0430\u043d\u0438\u0435 \u043a\u043e\u043c\u043f\u0430\u043d\u0438\u0438, \u0430\u0434\u0440\u0435\u0441)<\/li><li>\u0414\u0430\u043d\u043d\u044b\u0435 \u043b\u0438\u0446\u0430, \u0437\u0430\u0431\u0438\u0440\u0430\u044e\u0449\u0435\u0433\u043e \u0442\u043e\u0432\u0430\u0440 (\u0438\u043c\u044f, \u0442\u0435\u043b\u0435\u0444\u043e\u043d)\u00a0<\/li><\/ul><p><strong>\u0417\u0430\u043a\u0430\u0437\u0430\u043d\u043d\u044b\u0435 \u0442\u043e\u0432\u0430\u0440\u044b\/\u0443\u0441\u043b\u0443\u0433\u0438\u00a0<\/strong><\/p><ul><li>\u041d\u043e\u043c\u0435\u0440 \u043f\u0440\u0435\u0434\u043b\u043e\u0436\u0435\u043d\u0438\u044f\u00a0<\/li><li>\u041d\u0430\u0437\u0432\u0430\u043d\u0438\u0435 \u0442\u043e\u0432\u0430\u0440\u0430 \u0438\u043b\u0438 \u0443\u0441\u043b\u0443\u0433\u0438<\/li><li>\u041d\u043e\u043c\u0435\u0440 \u043f\u0440\u043e\u0434\u0443\u043a\u0442\u0430<\/li><li>\u041a\u043e\u043b\u0438\u0447\u0435\u0441\u0442\u0432\u043e\u00a0<\/li><li>\u0427\u0438\u0441\u0442\u0430\u044f \u0446\u0435\u043d\u0430 \u0435\u0434\u0438\u043d\u0438\u0446\u044b \u043f\u0440\u043e\u0434\u0443\u043a\u0446\u0438\u0438<\/li><\/ul>\t\t\t\t\t\t\t\t<\/div>\n\t\t\t\t<\/div>\n\t\t\t\t\t<\/details>\n\t\t\t\t\t\t<details id=\"e-n-accordion-item-8462\" class=\"e-n-accordion-item\" >\n\t\t\t\t<summary class=\"e-n-accordion-item-title\" data-accordion-index=\"3\" tabindex=\"-1\" aria-expanded=\"false\" aria-controls=\"e-n-accordion-item-8462\" >\n\t\t\t\t\t<span class='e-n-accordion-item-title-header'><h2 class=\"e-n-accordion-item-title-text\"> 3 \u041a\u0430\u043a \u0432\u044b\u0431\u0440\u0430\u0442\u044c \u043f\u043e\u0434\u0445\u043e\u0434\u044f\u0449\u0438\u0439 \u043f\u0430\u0442\u0440\u0443\u0431\u043e\u043a EK 186? <\/h2><\/span>\n\t\t\t\t\t\t\t<span class='e-n-accordion-item-title-icon'>\n\t\t\t<span class='e-opened' ><svg aria-hidden=\"true\" class=\"e-font-icon-svg e-fas-minus\" viewbox=\"0 0 448 512\" xmlns=\"http:\/\/www.w3.org\/2000\/svg\"><path d=\"M416 208H32c-17.67 0-32 14.33-32 32v32c0 17.67 14.33 32 32 32h384c17.67 0 32-14.33 32-32v-32c0-17.67-14.33-32-32-32z\"><\/path><\/svg><\/span>\n\t\t\t<span class='e-closed'><svg aria-hidden=\"true\" class=\"e-font-icon-svg e-fas-plus\" viewbox=\"0 0 448 512\" xmlns=\"http:\/\/www.w3.org\/2000\/svg\"><path d=\"M416 208H272V64c0-17.67-14.33-32-32-32h-32c-17.67 0-32 14.33-32 32v144H32c-17.67 0-32 14.33-32 32v32c0 17.67 14.33 32 32 32h144v144c0 17.67 14.33 32 32 32h32c17.67 0 32-14.33 32-32V304h144c17.67 0 32-14.33 32-32v-32c0-17.67-14.33-32-32-32z\"><\/path><\/svg><\/span>\n\t\t<\/span>\n\n\t\t\t\t\t\t<\/summary>\n\t\t\t\t<div role=\"region\" aria-labelledby=\"e-n-accordion-item-8462\" class=\"elementor-element elementor-element-aff1c92 e-con-full e-flex e-con e-child\" data-id=\"aff1c92\" data-element_type=\"container\">\n\t\t\t\t<div class=\"elementor-element elementor-element-6cbc51c elementor-widget elementor-widget-text-editor\" data-id=\"6cbc51c\" data-element_type=\"widget\" data-widget_type=\"text-editor.default\">\n\t\t\t\t\t\t\t\t\t<p>\u0420\u0430\u0441\u0442\u0440\u0443\u0431\u043d\u044b\u0435 \u0443\u043f\u043b\u043e\u0442\u043d\u0435\u043d\u0438\u044f \u0441\u043b\u0435\u0434\u0443\u0435\u0442 \u0432\u044b\u0431\u0438\u0440\u0430\u0442\u044c \u0441 \u0443\u0447\u0435\u0442\u043e\u043c \u0432\u043d\u0443\u0442\u0440\u0435\u043d\u043d\u0438\u0445 \u0440\u0430\u0437\u043c\u0435\u0440\u043e\u0432 \u0442\u0440\u0443\u0431, \u0432 \u043a\u043e\u0442\u043e\u0440\u044b\u0445 \u043e\u043d\u0438 \u0431\u0443\u0434\u0443\u0442 \u0438\u0441\u043f\u043e\u043b\u044c\u0437\u043e\u0432\u0430\u0442\u044c\u0441\u044f.<br \/>\u0411\u043e\u043b\u0435\u0435 \u043f\u043e\u0434\u0440\u043e\u0431\u043d\u0443\u044e \u0438\u043d\u0444\u043e\u0440\u043c\u0430\u0446\u0438\u044e \u043e \u0436\u0443\u0440\u043d\u0430\u043b\u044c\u043d\u044b\u0445 \u0436\u0435\u043b\u0435\u0437\u0430\u0445 \u0441\u043c.\u00a0<a href=\"https:\/\/www.buschpolska.com\/ru\/%d0%bf%d1%80%d0%be%d0%b4%d1%83%d0%ba%d1%86%d0%b8%d1%8f\/szczegoly-dotyczace-produktu\/%d0%bf%d0%be%d0%b2%d0%be%d1%80%d0%be%d1%82%d0%bd%d0%b0%d1%8f-%d1%82%d0%be%d1%87%d0%ba%d0%b0-ek-186\/\" target=\"_blank\" rel=\"noopener\">\u0417\u0434\u0435\u0441\u044c<\/a><\/p>\t\t\t\t\t\t\t\t<\/div>\n\t\t\t\t<\/div>\n\t\t\t\t\t<\/details>\n\t\t\t\t\t\t<details id=\"e-n-accordion-item-8463\" class=\"e-n-accordion-item\" >\n\t\t\t\t<summary class=\"e-n-accordion-item-title\" data-accordion-index=\"4\" tabindex=\"-1\" aria-expanded=\"false\" aria-controls=\"e-n-accordion-item-8463\" >\n\t\t\t\t\t<span class='e-n-accordion-item-title-header'><h2 class=\"e-n-accordion-item-title-text\"> 4. \u041a\u0430\u043a\u043e\u0432\u0430 \u043f\u0440\u043e\u0447\u043d\u043e\u0441\u0442\u044c \u043a\u0430\u0431\u0435\u043b\u044c\u043d\u044b\u0445 \u043a\u0430\u043c\u0435\u0440 \u0438\u0437 \u043f\u043e\u043b\u0438\u043a\u0430\u0440\u0431\u043e\u043d\u0430\u0442\u0430? <\/h2><\/span>\n\t\t\t\t\t\t\t<span class='e-n-accordion-item-title-icon'>\n\t\t\t<span class='e-opened' ><svg aria-hidden=\"true\" class=\"e-font-icon-svg e-fas-minus\" viewbox=\"0 0 448 512\" xmlns=\"http:\/\/www.w3.org\/2000\/svg\"><path d=\"M416 208H32c-17.67 0-32 14.33-32 32v32c0 17.67 14.33 32 32 32h384c17.67 0 32-14.33 32-32v-32c0-17.67-14.33-32-32-32z\"><\/path><\/svg><\/span>\n\t\t\t<span class='e-closed'><svg aria-hidden=\"true\" class=\"e-font-icon-svg e-fas-plus\" viewbox=\"0 0 448 512\" xmlns=\"http:\/\/www.w3.org\/2000\/svg\"><path d=\"M416 208H272V64c0-17.67-14.33-32-32-32h-32c-17.67 0-32 14.33-32 32v144H32c-17.67 0-32 14.33-32 32v32c0 17.67 14.33 32 32 32h144v144c0 17.67 14.33 32 32 32h32c17.67 0 32-14.33 32-32V304h144c17.67 0 32-14.33 32-32v-32c0-17.67-14.33-32-32-32z\"><\/path><\/svg><\/span>\n\t\t<\/span>\n\n\t\t\t\t\t\t<\/summary>\n\t\t\t\t<div role=\"region\" aria-labelledby=\"e-n-accordion-item-8463\" class=\"elementor-element elementor-element-3b79a26 e-con-full e-flex e-con e-child\" data-id=\"3b79a26\" data-element_type=\"container\">\n\t\t\t\t<div class=\"elementor-element elementor-element-39f1e29 elementor-widget elementor-widget-text-editor\" data-id=\"39f1e29\" data-element_type=\"widget\" data-widget_type=\"text-editor.default\">\n\t\t\t\t\t\t\t\t\t<p>\u041c\u043e\u0434\u0443\u043b\u044c\u043d\u044b\u0435 \u043a\u0430\u0431\u0435\u043b\u044c\u043d\u044b\u0435 \u043a\u0430\u043c\u0435\u0440\u044b \u0438\u0437 \u043f\u043e\u043b\u0438\u043a\u0430\u0440\u0431\u043e\u043d\u0430\u0442\u0430 \u0441\u043e\u043e\u0442\u0432\u0435\u0442\u0441\u0442\u0432\u0443\u044e\u0442 \u0441\u0442\u0430\u043d\u0434\u0430\u0440\u0442\u0443 EN 124 \u043f\u043e \u043f\u0440\u043e\u0447\u043d\u043e\u0441\u0442\u0438 \u043f\u043e\u043a\u0440\u044b\u0442\u0438\u044f\u00a0<\/p><ul><li>A 15 - 1,5 \u0442\u043e\u043d\u043d\u044b<\/li><li>B125 - 12,5 \u0442\u043e\u043d\u043d<\/li><li>D 400 - 40 \u0442\u043e\u043d\u043d<\/li><\/ul><p>\u041a\u0440\u043e\u043c\u0435 \u0442\u043e\u0433\u043e, \u043c\u044b \u0433\u0430\u0440\u0430\u043d\u0442\u0438\u0440\u0443\u0435\u043c \u043f\u0440\u043e\u0447\u043d\u043e\u0441\u0442\u044c \u043e\u0431\u0441\u0430\u0434\u043d\u043e\u0439 \u043a\u043e\u043b\u043e\u043d\u043d\u044b \u0441\u043a\u0432\u0430\u0436\u0438\u043d\u044b \u0432 40 \u0442\u043e\u043d\u043d.\u00a0<\/p><p>\u0411\u043e\u043b\u0435\u0435 \u043f\u043e\u0434\u0440\u043e\u0431\u043d\u0443\u044e \u0438\u043d\u0444\u043e\u0440\u043c\u0430\u0446\u0438\u044e \u043e \u0441\u043a\u0432\u0430\u0436\u0438\u043d\u0430\u0445 \u0432\u044b \u043c\u043e\u0436\u0435\u0442\u0435 \u043d\u0430\u0439\u0442\u0438 \u0417\u0414\u0415\u0421\u042c\u00a0<\/p>\t\t\t\t\t\t\t\t<\/div>\n\t\t\t\t<\/div>\n\t\t\t\t\t<\/details>\n\t\t\t\t\t<\/div>\n\t\t\t\t\t\t<\/div>\n\t\t\t\t<\/div>\n\t\t\t\t<\/div>\n\t\t\t\t\t<\/div>\n\t\t\t\t<\/div>\n\t\t\t\t<\/div>\n\t\t\t\t<\/div>","protected":false},"excerpt":{"rendered":"<p>FAQ &#8211; Najcz\u0119\u015bciej zadawane pytania 1. Jak z\u0142o\u017cy\u0107 zam\u00f3wienie? Zam\u00f3wienie nale\u017cy z\u0142o\u017cy\u0107 mailowo pod adresem\u00a0info(at)buschpolska.com\u00a0lub faxem pod numerem +48 12 419 02 06\u00a0 2. Jakie informacje powinna zawiera\u0107 tre\u015b\u0107 zam\u00f3wienia? Zam\u00f3wienie powinno zawiera\u0107 nast\u0119puj\u0105ce informacj\u0119: Dane zamawi\u0105j\u0105cego Dane zamawi\u0105j\u0105cego (nazwa firmy, adres, numer\u00a0NIP) Dane osoby zamawi\u0105j\u0105cej\u00a0(imi\u0119 nazwisko, telefon)\u00a0 Numer zam\u00f3wienia Adres dostawy Dok\u0142adny adres dostawy [&hellip;]<\/p>","protected":false},"author":1,"featured_media":0,"parent":0,"menu_order":0,"comment_status":"closed","ping_status":"closed","template":"","meta":{"_acf_changed":false,"footnotes":""},"class_list":["post-51980","page","type-page","status-publish","hentry"],"acf":[],"_links":{"self":[{"href":"https:\/\/www.buschpolska.com\/ru\/wp-json\/wp\/v2\/pages\/51980","targetHints":{"allow":["GET"]}}],"collection":[{"href":"https:\/\/www.buschpolska.com\/ru\/wp-json\/wp\/v2\/pages"}],"about":[{"href":"https:\/\/www.buschpolska.com\/ru\/wp-json\/wp\/v2\/types\/page"}],"author":[{"embeddable":true,"href":"https:\/\/www.buschpolska.com\/ru\/wp-json\/wp\/v2\/users\/1"}],"replies":[{"embeddable":true,"href":"https:\/\/www.buschpolska.com\/ru\/wp-json\/wp\/v2\/comments?post=51980"}],"version-history":[{"count":0,"href":"https:\/\/www.buschpolska.com\/ru\/wp-json\/wp\/v2\/pages\/51980\/revisions"}],"wp:attachment":[{"href":"https:\/\/www.buschpolska.com\/ru\/wp-json\/wp\/v2\/media?parent=51980"}],"curies":[{"name":"wp","href":"https:\/\/api.w.org\/{rel}","templated":true}]}}