{"id":51982,"date":"2026-01-28T04:41:58","date_gmt":"2026-01-28T02:41:58","guid":{"rendered":"https:\/\/www.buschpolska.com\/?page_id=51982"},"modified":"2026-01-28T13:32:29","modified_gmt":"2026-01-28T11:32:29","slug":"impressum","status":"publish","type":"page","link":"https:\/\/www.buschpolska.com\/ru\/impressum\/","title":{"rendered":"Impressum"},"content":{"rendered":"<div data-elementor-type=\"wp-page\" data-elementor-id=\"51982\" class=\"elementor elementor-51982\" data-elementor-post-type=\"page\">\n\t\t\t\t<div class=\"elementor-element elementor-element-aa7b344 e-con-full e-flex e-con e-parent\" data-id=\"aa7b344\" data-element_type=\"container\" data-settings=\"{&quot;background_background&quot;:&quot;classic&quot;,&quot;animation&quot;:&quot;none&quot;}\">\n\t\t<div class=\"elementor-element elementor-element-7c717c4 e-con-full e-flex e-con e-child\" data-id=\"7c717c4\" data-element_type=\"container\">\n\t\t<div class=\"elementor-element elementor-element-3392e3c e-con-full e-flex e-con e-child\" data-id=\"3392e3c\" data-element_type=\"container\" data-settings=\"{&quot;background_background&quot;:&quot;classic&quot;,&quot;animation&quot;:&quot;none&quot;,&quot;shape_divider_bottom&quot;:&quot;arrow&quot;}\">\n\t\t\t\t<div class=\"elementor-shape elementor-shape-bottom\" aria-hidden=\"true\" data-negative=\"false\">\n\t\t\t<svg xmlns=\"http:\/\/www.w3.org\/2000\/svg\" viewbox=\"0 0 700 10\" preserveaspectratio=\"none\">\n\t<path class=\"elementor-shape-fill\" d=\"M350,10L340,0h20L350,10z\"\/>\n<\/svg>\t\t<\/div>\n\t\t<div class=\"elementor-element elementor-element-4ad3420 e-flex e-con-boxed e-con e-child\" data-id=\"4ad3420\" data-element_type=\"container\">\n\t\t\t\t\t<div class=\"e-con-inner\">\n\t\t<div class=\"elementor-element elementor-element-d626d35 e-con-full breadcrumbs-list-page e-flex e-con e-child\" data-id=\"d626d35\" data-element_type=\"container\">\n\t\t\t\t<div class=\"elementor-element elementor-element-7624b7d elementor-widget elementor-widget-shortcode\" data-id=\"7624b7d\" data-element_type=\"widget\" data-widget_type=\"shortcode.default\">\n\t\t\t\t\t\t\t<div class=\"elementor-shortcode\"><nav aria-label=\"\u043f\u0430\u043d\u0438\u0440\u043e\u0432\u043e\u0447\u043d\u044b\u0435 \u0441\u0443\u0445\u0430\u0440\u0438\" class=\"rank-math-breadcrumb\"><p><span class=\"last\">\u0414\u043e\u043c\u0430\u0448\u043d\u044f\u044f \u0441\u0442\u0440\u0430\u043d\u0438\u0446\u0430<\/span><\/p><\/nav><\/div>\n\t\t\t\t\t\t<\/div>\n\t\t\t\t<\/div>\n\t\t\t\t<div class=\"elementor-element elementor-element-1885617 heading-title-2 elementor-widget elementor-widget-heading\" data-id=\"1885617\" data-element_type=\"widget\" data-widget_type=\"heading.default\">\n\t\t\t\t\t<h1 class=\"elementor-heading-title elementor-size-default\">Impressum<\/h1>\t\t\t\t<\/div>\n\t\t\t\t<div class=\"elementor-element elementor-element-5b798c6 elementor-widget elementor-widget-ucaddon_animated_mouse_scroll_icon\" data-id=\"5b798c6\" data-element_type=\"widget\" data-widget_type=\"ucaddon_animated_mouse_scroll_icon.default\">\n\t\t\t\t<div class=\"elementor-widget-container\">\n\t\t\t\t\t\n<!-- start Animated Mouse Scroll Icon -->\n<style>\/* widget: Animated Mouse Scroll Icon *\/\n\n.mousey {\n  border-style:solid;\n  box-sizing: border-box;\n  display:inline-block;\n  text-align:center;\n}\n.scroller {\n  border-radius: 50px;\n  animation-name: scroll;\n  animation-duration: 2.2s;\n  animation-timing-function: cubic-bezier(.15,.41,.69,.94);\n  animation-iteration-count: infinite;\n  display:inline-block;\n}\n@keyframes scroll {\n  0% { opacity: 0; }\n  10% { transform: translateY(0); opacity: 1; }\n  100% { transform: translateY(15px); opacity: 0;}\n}\n\n<\/style>\n\n<div class=\"scroll-downs\" style=\"text-align:center;\">\n  <a href=\"#start\"  aria-label=\"\u041f\u0440\u043e\u043a\u0440\u0443\u0442\u043a\u0430 \u0432\u043d\u0438\u0437\" role=\"button\">\t\n  <div class=\"mousey\" aria-hidden=\"true\">\n    <div class=\"scroller\"><\/div>\n  <\/div>\n  <\/a>\t\n<\/div>\n<!-- end Animated Mouse Scroll Icon -->\t\t\t\t<\/div>\n\t\t\t\t<\/div>\n\t\t\t\t<div class=\"elementor-element elementor-element-8317f98 elementor-widget-divider--view-line elementor-widget elementor-widget-divider\" data-id=\"8317f98\" data-element_type=\"widget\" data-widget_type=\"divider.default\">\n\t\t\t\t\t\t\t<div class=\"elementor-divider\">\n\t\t\t<span class=\"elementor-divider-separator\">\n\t\t\t\t\t\t<\/span>\n\t\t<\/div>\n\t\t\t\t\t\t<\/div>\n\t\t\t\t\t<\/div>\n\t\t\t\t<\/div>\n\t\t\t\t<\/div>\n\t\t\t\t<\/div>\n\t\t<div class=\"elementor-element elementor-element-7e5c014 e-flex e-con-boxed e-con e-child\" data-id=\"7e5c014\" data-element_type=\"container\" id=\"start\">\n\t\t\t\t\t<div class=\"e-con-inner\">\n\t\t\t\t<div class=\"elementor-element elementor-element-cfbf366 elementor-widget elementor-widget-text-editor\" data-id=\"cfbf366\" data-element_type=\"widget\" data-widget_type=\"text-editor.default\">\n\t\t\t\t\t\t\t\t\t<p><strong>\u0428\u0442\u0430\u0431-\u043a\u0432\u0430\u0440\u0442\u0438\u0440\u0430 \u043a\u043e\u043c\u043f\u0430\u043d\u0438\u0438:<\/strong><br \/>Busch Polska Sp. z o.o.<br \/>\u0423\u043b\u0438\u0446\u0430 \u0420\u044b\u0431\u0438\u0442\u0432\u044b, 22<br \/>30-722 \u041a\u0440\u0430\u043a\u043e\u0432<\/p><p>\u0422\u0435\u043b: +48 12 419 02 00<br \/>\u0424\u0430\u043a\u0441: +48 12 419 02 06<br \/>\u00a0<\/p><p><strong>\u041a\u043e\u0440\u0440\u0435\u043a\u0442\u043d\u043e\u0441\u0442\u044c \u043f\u043e \u0441\u0443\u0449\u0435\u0441\u0442\u0432\u0443<\/strong><\/p><p>\u041f\u0440\u0438 \u0440\u0430\u0437\u0440\u0430\u0431\u043e\u0442\u043a\u0435 \u0432\u0435\u0431-\u0441\u0430\u0439\u0442\u0430 \u0431\u044b\u043b\u0438 \u043f\u0440\u0435\u0434\u043f\u0440\u0438\u043d\u044f\u0442\u044b \u0432\u0441\u0435 \u0443\u0441\u0438\u043b\u0438\u044f \u0434\u043b\u044f \u043e\u0431\u0435\u0441\u043f\u0435\u0447\u0435\u043d\u0438\u044f \u0444\u0430\u043a\u0442\u0438\u0447\u0435\u0441\u043a\u043e\u0439 \u0434\u043e\u0441\u0442\u043e\u0432\u0435\u0440\u043d\u043e\u0441\u0442\u0438 \u043f\u0440\u0435\u0434\u0441\u0442\u0430\u0432\u043b\u0435\u043d\u043d\u044b\u0445 \u0442\u0435\u043a\u0441\u0442\u043e\u0432. \u0422\u0435\u043c \u043d\u0435 \u043c\u0435\u043d\u0435\u0435, \u043a\u043e\u043c\u043f\u0430\u043d\u0438\u044f Busch Polska Sp. z o.o. \u043d\u0435 \u043d\u0435\u0441\u0435\u0442 \u043e\u0442\u0432\u0435\u0442\u0441\u0442\u0432\u0435\u043d\u043d\u043e\u0441\u0442\u0438 \u0437\u0430 \u0430\u043a\u0442\u0443\u0430\u043b\u044c\u043d\u043e\u0441\u0442\u044c, \u043f\u0440\u0430\u0432\u0438\u043b\u044c\u043d\u043e\u0441\u0442\u044c, \u043f\u043e\u043b\u043d\u043e\u0442\u0443 \u0438\u043b\u0438 \u043a\u0430\u0447\u0435\u0441\u0442\u0432\u043e \u043f\u0440\u0435\u0434\u0441\u0442\u0430\u0432\u043b\u0435\u043d\u043d\u043e\u0439 \u0438\u043d\u0444\u043e\u0440\u043c\u0430\u0446\u0438\u0438.\u00a0<br \/>\u0424\u043e\u0442\u043e\u0433\u0440\u0430\u0444\u0438\u0438, \u0438\u0441\u043f\u043e\u043b\u044c\u0437\u0443\u0435\u043c\u044b\u0435 \u043d\u0430 \u044d\u0442\u043e\u043c \u0441\u0430\u0439\u0442\u0435, \u043d\u043e\u0441\u044f\u0442 \u0438\u0441\u043a\u043b\u044e\u0447\u0438\u0442\u0435\u043b\u044c\u043d\u043e \u0438\u043d\u0444\u043e\u0440\u043c\u0430\u0446\u0438\u043e\u043d\u043d\u044b\u0439 \u0445\u0430\u0440\u0430\u043a\u0442\u0435\u0440. \u0426\u0432\u0435\u0442\u0430 \u043f\u0440\u0435\u0434\u0441\u0442\u0430\u0432\u043b\u0435\u043d\u043d\u044b\u0445 \u043f\u0440\u043e\u0434\u0443\u043a\u0442\u043e\u0432 \u043c\u043e\u0433\u0443\u0442 \u043e\u0442\u043b\u0438\u0447\u0430\u0442\u044c\u0441\u044f \u043e\u0442 \u0440\u0435\u0430\u043b\u044c\u043d\u043e\u0441\u0442\u0438 \u043f\u043e \u0442\u0435\u0445\u043d\u043e\u043b\u043e\u0433\u0438\u0447\u0435\u0441\u043a\u0438\u043c \u043f\u0440\u0438\u0447\u0438\u043d\u0430\u043c. \u041f\u0440\u0435\u0442\u0435\u043d\u0437\u0438\u0438 \u043a \u043a\u043e\u043c\u043f\u0430\u043d\u0438\u0438 Busch Polska Sp. z o.o. \u043f\u043e \u043f\u043e\u0432\u043e\u0434\u0443 \u043f\u043e\u0441\u043b\u0435\u0434\u0441\u0442\u0432\u0438\u0439, \u0432\u044b\u0437\u0432\u0430\u043d\u043d\u044b\u0445 \u0432\u043e\u0437\u043c\u043e\u0436\u043d\u043e\u0439 \u043d\u0435\u0442\u043e\u0447\u043d\u043e\u0441\u0442\u044c\u044e \u0438\u043d\u0444\u043e\u0440\u043c\u0430\u0446\u0438\u0438, \u043f\u0440\u0435\u0434\u0441\u0442\u0430\u0432\u043b\u0435\u043d\u043d\u043e\u0439 \u043d\u0430 \u0441\u0430\u0439\u0442\u0435, \u0438\u0441\u043a\u043b\u044e\u0447\u0435\u043d\u044b.<\/p><p><strong>\u0410\u0432\u0442\u043e\u0440\u0441\u043a\u043e\u0435 \u043f\u0440\u0430\u0432\u043e<\/strong><\/p><p>\u0421\u043e\u0434\u0435\u0440\u0436\u0430\u043d\u0438\u0435 \u0432\u0441\u0435\u0433\u043e \u0432\u0435\u0431-\u0441\u0430\u0439\u0442\u0430 \u043a\u043e\u043c\u043f\u0430\u043d\u0438\u0438 Busch Polska Sp. z o.o. \u0437\u0430\u0449\u0438\u0449\u0435\u043d\u043e \u0430\u0432\u0442\u043e\u0440\u0441\u043a\u0438\u043c \u043f\u0440\u0430\u0432\u043e\u043c. \u0417\u0430\u043f\u0440\u0435\u0449\u0430\u0435\u0442\u0441\u044f \u043a\u043e\u043f\u0438\u0440\u043e\u0432\u0430\u0442\u044c \u0438 \u0440\u0430\u0441\u043f\u0440\u043e\u0441\u0442\u0440\u0430\u043d\u044f\u0442\u044c \u0434\u0430\u043d\u043d\u044b\u0435\/\u0442\u0435\u043a\u0441\u0442\u044b, \u0438\u0437\u043e\u0431\u0440\u0430\u0436\u0435\u043d\u0438\u044f, \u0430\u043d\u0438\u043c\u0430\u0446\u0438\u044e \u0438 \u0442.\u0434. \u0431\u0435\u0437 \u043f\u0438\u0441\u044c\u043c\u0435\u043d\u043d\u043e\u0433\u043e \u0440\u0430\u0437\u0440\u0435\u0448\u0435\u043d\u0438\u044f \u043a\u043e\u043c\u043f\u0430\u043d\u0438\u0438 Busch Polska Sp. z o.o. .<\/p><p><strong>\u041e\u0431\u044f\u0437\u0430\u043d\u043d\u043e\u0441\u0442\u0438<\/strong><\/p><p>\u0421\u043e\u0434\u0435\u0440\u0436\u0430\u043d\u0438\u0435 \u0441\u0430\u0439\u0442\u0430 \u043d\u0435 \u044f\u0432\u043b\u044f\u0435\u0442\u0441\u044f \u044e\u0440\u0438\u0434\u0438\u0447\u0435\u0441\u043a\u0438 \u043e\u0431\u044f\u0437\u044b\u0432\u0430\u044e\u0449\u0435\u0439 \u043e\u0444\u0435\u0440\u0442\u043e\u0439 \u0432 \u0441\u043e\u043e\u0442\u0432\u0435\u0442\u0441\u0442\u0432\u0438\u0438 \u0441 \u0413\u0440\u0430\u0436\u0434\u0430\u043d\u0441\u043a\u0438\u043c \u043a\u043e\u0434\u0435\u043a\u0441\u043e\u043c.<br \/>\u041a\u043e\u043c\u043f\u0430\u043d\u0438\u044f Busch Polska Sp. z o.o. \u043d\u0435 \u043d\u0435\u0441\u0435\u0442 \u043e\u0442\u0432\u0435\u0442\u0441\u0442\u0432\u0435\u043d\u043d\u043e\u0441\u0442\u0438 \u0437\u0430 \u043f\u0440\u044f\u043c\u044b\u0435 \u0438\u043b\u0438 \u043a\u043e\u0441\u0432\u0435\u043d\u043d\u044b\u0435 \u0441\u0441\u044b\u043b\u043a\u0438 \u043d\u0430 \u0432\u043d\u0435\u0448\u043d\u0438\u0435 \u0438\u043d\u0442\u0435\u0440\u043d\u0435\u0442-\u0441\u0442\u0440\u0430\u043d\u0438\u0446\u044b (\u0442\u0430\u043a \u043d\u0430\u0437\u044b\u0432\u0430\u0435\u043c\u044b\u0435 \u0441\u0441\u044b\u043b\u043a\u0438).<br \/>\u041c\u044b \u043e\u0441\u0442\u0430\u0432\u043b\u044f\u0435\u043c \u0437\u0430 \u0441\u043e\u0431\u043e\u0439 \u043f\u0440\u0430\u0432\u043e \u043e\u0433\u0440\u0430\u043d\u0438\u0447\u0438\u0432\u0430\u0442\u044c \u0438\u043b\u0438 \u0431\u043b\u043e\u043a\u0438\u0440\u043e\u0432\u0430\u0442\u044c \u0440\u0430\u0431\u043e\u0442\u0443 \u0441\u0430\u0439\u0442\u0430 \u0438 \u043d\u0435 \u043d\u0435\u0441\u0435\u043c \u043e\u0442\u0432\u0435\u0442\u0441\u0442\u0432\u0435\u043d\u043d\u043e\u0441\u0442\u0438 \u0437\u0430 \u0443\u0449\u0435\u0440\u0431, \u0432\u043e\u0437\u043d\u0438\u043a\u0448\u0438\u0439 \u0432 \u0440\u0435\u0437\u0443\u043b\u044c\u0442\u0430\u0442\u0435 \u043e\u0433\u0440\u0430\u043d\u0438\u0447\u0435\u043d\u0438\u044f \u0438\u043b\u0438 \u043e\u0442\u0441\u0443\u0442\u0441\u0442\u0432\u0438\u044f \u0434\u043e\u0441\u0442\u0443\u043f\u0430 \u043a \u0441\u0430\u0439\u0442\u0443.<\/p><p><strong>\u041f\u043e\u043b\u0438\u0442\u0438\u043a\u0430 \u043a\u043e\u043d\u0444\u0438\u0434\u0435\u043d\u0446\u0438\u0430\u043b\u044c\u043d\u043e\u0441\u0442\u0438<\/strong><br \/><br \/>\u0417\u0430\u0449\u0438\u0442\u0430 \u0432\u0430\u0448\u0435\u0439 \u043a\u043e\u043d\u0444\u0438\u0434\u0435\u043d\u0446\u0438\u0430\u043b\u044c\u043d\u043e\u0441\u0442\u0438 \u0438 \u0432\u0430\u0448\u0438\u0445 \u043b\u0438\u0447\u043d\u044b\u0445 \u0434\u0430\u043d\u043d\u044b\u0445 \u044f\u0432\u043b\u044f\u0435\u0442\u0441\u044f \u0434\u043b\u044f \u043d\u0430\u0441 \u0432\u0430\u0436\u043d\u044b\u043c \u043f\u0440\u0438\u043e\u0440\u0438\u0442\u0435\u0442\u043e\u043c, \u043f\u043e\u044d\u0442\u043e\u043c\u0443 \u0432\u0441\u0435 \u0434\u0430\u043d\u043d\u044b\u0435 \u043e\u0431\u0440\u0430\u0431\u0430\u0442\u044b\u0432\u0430\u044e\u0442\u0441\u044f \u0432 \u0441\u043e\u043e\u0442\u0432\u0435\u0442\u0441\u0442\u0432\u0438\u0438 \u0441 \u0434\u0435\u0439\u0441\u0442\u0432\u0443\u044e\u0449\u0438\u043c\u0438 \u043d\u043e\u0440\u043c\u0430\u043c\u0438 \u0437\u0430\u0449\u0438\u0442\u044b \u0434\u0430\u043d\u043d\u044b\u0445. \u0412\u0435\u0431-\u0441\u0430\u0439\u0442 \u043a\u043e\u043c\u043f\u0430\u043d\u0438\u0438 Busch Polska Sp. z o.o. \u043c\u043e\u0436\u0435\u0442 \u0441\u043e\u0434\u0435\u0440\u0436\u0430\u0442\u044c \u0441\u0441\u044b\u043b\u043a\u0438 \u043d\u0430 \u0441\u0430\u0439\u0442\u044b \u0442\u0440\u0435\u0442\u044c\u0438\u0445 \u043b\u0438\u0446, \u043d\u0430 \u043a\u043e\u0442\u043e\u0440\u044b\u0435 \u043d\u0435 \u0440\u0430\u0441\u043f\u0440\u043e\u0441\u0442\u0440\u0430\u043d\u044f\u0435\u0442\u0441\u044f \u0434\u0430\u043d\u043d\u0430\u044f \u043f\u043e\u043b\u0438\u0442\u0438\u043a\u0430 \u043a\u043e\u043d\u0444\u0438\u0434\u0435\u043d\u0446\u0438\u0430\u043b\u044c\u043d\u043e\u0441\u0442\u0438.<\/p><p><strong>\u0421\u0442\u0430\u0442\u0438\u0441\u0442\u0438\u043a\u0430<\/strong><\/p><p>\u0421\u0435\u0440\u0432\u0435\u0440 \u0437\u0430\u043f\u0438\u0441\u044b\u0432\u0430\u0435\u0442 \u0434\u0430\u043d\u043d\u044b\u0435 \u043e \u043f\u043e\u0434\u043a\u043b\u044e\u0447\u0435\u043d\u0438\u0438, \u043a\u043e\u0433\u0434\u0430 \u0432\u044b \u0437\u0430\u0445\u043e\u0434\u0438\u0442\u0435 \u043d\u0430 \u0441\u0430\u0439\u0442. \u042d\u0442\u0438 \u0434\u0430\u043d\u043d\u044b\u0435 \u0430\u043d\u043e\u043d\u0438\u043c\u043d\u044b \u0438 \u0438\u0441\u043f\u043e\u043b\u044c\u0437\u0443\u044e\u0442\u0441\u044f \u0442\u043e\u043b\u044c\u043a\u043e \u0434\u043b\u044f \u0441\u043e\u0437\u0434\u0430\u043d\u0438\u044f \u0441\u0442\u0430\u0442\u0438\u0441\u0442\u0438\u043a\u0438 \u043e \u043f\u043e\u0432\u0435\u0434\u0435\u043d\u0438\u0438 \u043f\u043e\u043b\u044c\u0437\u043e\u0432\u0430\u0442\u0435\u043b\u0435\u0439 \u0418\u043d\u0442\u0435\u0440\u043d\u0435\u0442\u0430.<\/p><p><strong>Google Analytics<\/strong><\/p><p>\u041d\u0430 \u044d\u0442\u043e\u043c \u0441\u0430\u0439\u0442\u0435 \u0438\u0441\u043f\u043e\u043b\u044c\u0437\u0443\u0435\u0442\u0441\u044f Google Analytics, \u0441\u043b\u0443\u0436\u0431\u0430 \u0430\u043d\u0430\u043b\u0438\u0437\u0430 \u0432\u0435\u0431-\u0430\u0443\u0434\u0438\u0442\u043e\u0440\u0438\u0438, \u043f\u0440\u0435\u0434\u043e\u0441\u0442\u0430\u0432\u043b\u044f\u0435\u043c\u0430\u044f \u043a\u043e\u043c\u043f\u0430\u043d\u0438\u0435\u0439 Google, Inc. (\u201cGoogle\u201d). Google Analytics \u0438\u0441\u043f\u043e\u043b\u044c\u0437\u0443\u0435\u0442 \u201c\u043a\u0443\u043a\u0438\u201d, \u043a\u043e\u0442\u043e\u0440\u044b\u0435 \u043f\u0440\u0435\u0434\u0441\u0442\u0430\u0432\u043b\u044f\u044e\u0442 \u0441\u043e\u0431\u043e\u0439 \u0442\u0435\u043a\u0441\u0442\u043e\u0432\u044b\u0435 \u0444\u0430\u0439\u043b\u044b, \u0440\u0430\u0437\u043c\u0435\u0449\u0435\u043d\u043d\u044b\u0435 \u043d\u0430 \u0432\u0430\u0448\u0435\u043c \u043a\u043e\u043c\u043f\u044c\u044e\u0442\u0435\u0440\u0435, \u0447\u0442\u043e\u0431\u044b \u043f\u043e\u043c\u043e\u0447\u044c \u0441\u0430\u0439\u0442\u0443 \u043f\u0440\u043e\u0430\u043d\u0430\u043b\u0438\u0437\u0438\u0440\u043e\u0432\u0430\u0442\u044c, \u043a\u0430\u043a \u043f\u043e\u043b\u044c\u0437\u043e\u0432\u0430\u0442\u0435\u043b\u0438 \u0438\u0441\u043f\u043e\u043b\u044c\u0437\u0443\u044e\u0442 \u0441\u0430\u0439\u0442. \u0413\u0435\u043d\u0435\u0440\u0438\u0440\u0443\u0435\u043c\u0430\u044f \u0444\u0430\u0439\u043b\u043e\u043c cookie \u0438\u043d\u0444\u043e\u0440\u043c\u0430\u0446\u0438\u044f \u043e\u0431 \u0438\u0441\u043f\u043e\u043b\u044c\u0437\u043e\u0432\u0430\u043d\u0438\u0438 \u0432\u0430\u043c\u0438 \u0441\u0430\u0439\u0442\u0430 (\u0432\u043a\u043b\u044e\u0447\u0430\u044f \u0432\u0430\u0448 IP-\u0430\u0434\u0440\u0435\u0441) \u0431\u0443\u0434\u0435\u0442 \u043f\u0435\u0440\u0435\u0434\u0430\u0432\u0430\u0442\u044c\u0441\u044f \u0438 \u0445\u0440\u0430\u043d\u0438\u0442\u044c\u0441\u044f \u043a\u043e\u043c\u043f\u0430\u043d\u0438\u0435\u0439 Google \u043d\u0430 \u0441\u0435\u0440\u0432\u0435\u0440\u0430\u0445 \u0432 \u0421\u0428\u0410. Google \u0431\u0443\u0434\u0435\u0442 \u0438\u0441\u043f\u043e\u043b\u044c\u0437\u043e\u0432\u0430\u0442\u044c \u044d\u0442\u0443 \u0438\u043d\u0444\u043e\u0440\u043c\u0430\u0446\u0438\u044e \u0434\u043b\u044f \u043e\u0446\u0435\u043d\u043a\u0438 \u0438\u0441\u043f\u043e\u043b\u044c\u0437\u043e\u0432\u0430\u043d\u0438\u044f \u0432\u0430\u043c\u0438 \u0432\u0435\u0431-\u0441\u0430\u0439\u0442\u0430, \u0441\u043e\u0441\u0442\u0430\u0432\u043b\u0435\u043d\u0438\u044f \u043e\u0442\u0447\u0435\u0442\u043e\u0432 \u043e \u0434\u0435\u044f\u0442\u0435\u043b\u044c\u043d\u043e\u0441\u0442\u0438 \u0432\u0435\u0431-\u0441\u0430\u0439\u0442\u0430 \u0434\u043b\u044f \u043e\u043f\u0435\u0440\u0430\u0442\u043e\u0440\u043e\u0432 \u0432\u0435\u0431-\u0441\u0430\u0439\u0442\u0430 \u0438 \u043f\u0440\u0435\u0434\u043e\u0441\u0442\u0430\u0432\u043b\u0435\u043d\u0438\u044f \u0434\u0440\u0443\u0433\u0438\u0445 \u0443\u0441\u043b\u0443\u0433, \u0441\u0432\u044f\u0437\u0430\u043d\u043d\u044b\u0445 \u0441 \u0434\u0435\u044f\u0442\u0435\u043b\u044c\u043d\u043e\u0441\u0442\u044c\u044e \u0432\u0435\u0431-\u0441\u0430\u0439\u0442\u0430 \u0438 \u0438\u0441\u043f\u043e\u043b\u044c\u0437\u043e\u0432\u0430\u043d\u0438\u0435\u043c \u0418\u043d\u0442\u0435\u0440\u043d\u0435\u0442\u0430. Google \u0442\u0430\u043a\u0436\u0435 \u043c\u043e\u0436\u0435\u0442 \u043f\u0435\u0440\u0435\u0434\u0430\u0432\u0430\u0442\u044c \u044d\u0442\u0443 \u0438\u043d\u0444\u043e\u0440\u043c\u0430\u0446\u0438\u044e \u0442\u0440\u0435\u0442\u044c\u0438\u043c \u043b\u0438\u0446\u0430\u043c, \u0435\u0441\u043b\u0438 \u044d\u0442\u043e \u0442\u0440\u0435\u0431\u0443\u0435\u0442\u0441\u044f \u043f\u043e \u0437\u0430\u043a\u043e\u043d\u0443 \u0438\u043b\u0438 \u0435\u0441\u043b\u0438 \u0442\u0430\u043a\u0438\u0435 \u0442\u0440\u0435\u0442\u044c\u0438 \u043b\u0438\u0446\u0430 \u043e\u0431\u0440\u0430\u0431\u0430\u0442\u044b\u0432\u0430\u044e\u0442 \u0438\u043d\u0444\u043e\u0440\u043c\u0430\u0446\u0438\u044e \u043e\u0442 \u0438\u043c\u0435\u043d\u0438 Google. Google \u043d\u0435 \u0431\u0443\u0434\u0435\u0442 \u0441\u0432\u044f\u0437\u044b\u0432\u0430\u0442\u044c \u0432\u0430\u0448 IP-\u0430\u0434\u0440\u0435\u0441 \u0441 \u043a\u0430\u043a\u0438\u043c\u0438-\u043b\u0438\u0431\u043e \u0434\u0440\u0443\u0433\u0438\u043c\u0438 \u0434\u0430\u043d\u043d\u044b\u043c\u0438, \u0445\u0440\u0430\u043d\u044f\u0449\u0438\u043c\u0438\u0441\u044f \u0432 Google. \u0412\u044b \u043c\u043e\u0436\u0435\u0442\u0435 \u043e\u0442\u043a\u0430\u0437\u0430\u0442\u044c\u0441\u044f \u043e\u0442 \u0438\u0441\u043f\u043e\u043b\u044c\u0437\u043e\u0432\u0430\u043d\u0438\u044f \u0444\u0430\u0439\u043b\u043e\u0432 cookie, \u0432\u044b\u0431\u0440\u0430\u0432 \u0441\u043e\u043e\u0442\u0432\u0435\u0442\u0441\u0442\u0432\u0443\u044e\u0449\u0438\u0435 \u043d\u0430\u0441\u0442\u0440\u043e\u0439\u043a\u0438 \u0432 \u0441\u0432\u043e\u0435\u043c \u0431\u0440\u0430\u0443\u0437\u0435\u0440\u0435, \u043e\u0434\u043d\u0430\u043a\u043e \u0443\u0447\u0442\u0438\u0442\u0435, \u0447\u0442\u043e \u0432 \u044d\u0442\u043e\u043c \u0441\u043b\u0443\u0447\u0430\u0435 \u0432\u044b \u043d\u0435 \u0441\u043c\u043e\u0436\u0435\u0442\u0435 \u043f\u043e\u043b\u044c\u0437\u043e\u0432\u0430\u0442\u044c\u0441\u044f \u0432\u0441\u0435\u043c\u0438 \u0444\u0443\u043d\u043a\u0446\u0438\u044f\u043c\u0438 \u044d\u0442\u043e\u0433\u043e \u0441\u0430\u0439\u0442\u0430 \u0418\u0441\u043f\u043e\u043b\u044c\u0437\u0443\u044f \u044d\u0442\u043e\u0442 \u0441\u0430\u0439\u0442, \u0432\u044b \u0441\u043e\u0433\u043b\u0430\u0448\u0430\u0435\u0442\u0435\u0441\u044c \u043d\u0430 \u043e\u0431\u0440\u0430\u0431\u043e\u0442\u043a\u0443 \u0434\u0430\u043d\u043d\u044b\u0445 \u043e \u0432\u0430\u0441 \u043a\u043e\u043c\u043f\u0430\u043d\u0438\u0435\u0439 Google \u0432\u044b\u0448\u0435\u0443\u043a\u0430\u0437\u0430\u043d\u043d\u044b\u043c \u0441\u043f\u043e\u0441\u043e\u0431\u043e\u043c \u0438 \u0434\u043b\u044f \u0432\u044b\u0448\u0435\u0443\u043a\u0430\u0437\u0430\u043d\u043d\u044b\u0445 \u0446\u0435\u043b\u0435\u0439.<\/p><p><strong>\u0412\u043e\u043f\u0440\u043e\u0441\u044b<\/strong><\/p><p>\u0415\u0441\u043b\u0438 \u0443 \u0432\u0430\u0441 \u0432\u043e\u0437\u043d\u0438\u043a\u043b\u0438 \u0432\u043e\u043f\u0440\u043e\u0441\u044b \u0438\u043b\u0438 \u043f\u0440\u043e\u0431\u043b\u0435\u043c\u044b, \u043f\u043e\u0436\u0430\u043b\u0443\u0439\u0441\u0442\u0430, \u0441\u0432\u044f\u0436\u0438\u0442\u0435\u0441\u044c \u0441 \u043a\u043e\u043c\u043f\u0430\u043d\u0438\u0435\u0439 Busch Polska Sp. z o.o.<\/p>\t\t\t\t\t\t\t\t<\/div>\n\t\t\t\t\t<\/div>\n\t\t\t\t<\/div>\n\t\t\t\t<\/div>\n\t\t\t\t<\/div>","protected":false},"excerpt":{"rendered":"<p>Siedziba firmy:Busch Polska Sp. z o.o.ul. Rybitwy 2230-722 Krak\u00f3w Tel.: \u00a0+48 12 419 02 00Fax:\u00a0 +48 12 419 02 06\u00a0 Merytoryczna poprawno\u015b\u0107 Przy opracowaniu serwisu internetowego do\u0142o\u017cyli\u015bmy wszelkich stara\u0144, \u017ceby umieszczone teksty by\u0142y poprawne merytorycznie. Mimo to odpowiedzialno\u015b\u0107 Busch Polska Sp. z o.o. za aktualno\u015bci, poprawno\u015b\u0107, kompletno\u015b\u0107 oraz jako\u015b\u0107 udost\u0119pnionych informacji jest wy\u0142\u0105czona.\u00a0Fotografie u\u017cyte na [&hellip;]<\/p>","protected":false},"author":1,"featured_media":0,"parent":0,"menu_order":0,"comment_status":"closed","ping_status":"closed","template":"","meta":{"_acf_changed":false,"footnotes":""},"class_list":["post-51982","page","type-page","status-publish","hentry"],"acf":[],"_links":{"self":[{"href":"https:\/\/www.buschpolska.com\/ru\/wp-json\/wp\/v2\/pages\/51982","targetHints":{"allow":["GET"]}}],"collection":[{"href":"https:\/\/www.buschpolska.com\/ru\/wp-json\/wp\/v2\/pages"}],"about":[{"href":"https:\/\/www.buschpolska.com\/ru\/wp-json\/wp\/v2\/types\/page"}],"author":[{"embeddable":true,"href":"https:\/\/www.buschpolska.com\/ru\/wp-json\/wp\/v2\/users\/1"}],"replies":[{"embeddable":true,"href":"https:\/\/www.buschpolska.com\/ru\/wp-json\/wp\/v2\/comments?post=51982"}],"version-history":[{"count":0,"href":"https:\/\/www.buschpolska.com\/ru\/wp-json\/wp\/v2\/pages\/51982\/revisions"}],"wp:attachment":[{"href":"https:\/\/www.buschpolska.com\/ru\/wp-json\/wp\/v2\/media?parent=51982"}],"curies":[{"name":"wp","href":"https:\/\/api.w.org\/{rel}","templated":true}]}}